{"id":7,"date":"2025-02-20T05:10:09","date_gmt":"2025-02-20T05:10:09","guid":{"rendered":"https:\/\/seinundwandeln.barbaragruenenfelder.ch\/?page_id=7"},"modified":"2025-02-20T05:10:09","modified_gmt":"2025-02-20T05:10:09","slug":"seinundwandeln","status":"publish","type":"page","link":"https:\/\/seinundwandeln.barbaragruenenfelder.ch\/?page_id=7","title":{"rendered":"seinundwandeln"},"content":{"rendered":"\n<p>Das ist eine &#171;Umleitung&#187; der Domain &#171;seinundwandeln.ch&#187;, die ich gek\u00fcndigt habe. Die aktuelle Seite f\u00fcr Trommeln, Trommelkreis in M\u00fcnsingen und so ist: <a href=\"https:\/\/barbaragruenenfelder.ch\/trommeln\">https:\/\/barbaragruenenfelder.ch\/trommeln<\/a><\/p>\n\n\n\n<p>F\u00fcr alles andere: <a href=\"https:\/\/barbaragruenenfelder.ch\">https:\/\/barbaragruenenfelder.ch<\/a><\/p>\n\n\n\n<p>Wenn du via einen <strong>Link<\/strong> auf diese Seite gestossen bist, bin ich froh, wenn du mir sagst, wo dieser Link war, damit ich ihn direkt ummelden kann. Danke! ba.gruen(\u00e4t)gmx.ch<\/p>\n\n\n\n<p>Der <strong>Name<\/strong> dieser Website kam von Sein, pr\u00e4sent sein, hier und jetzt mit allen Sinnen, und Wandeln, sinnenhafte &#171;Wandlungstools&#187; wie z.B. trommeln, begehbae Landkarten (&#171;Medizinrad&#187;, Lebenslinie) oder das &#171;innere Team&#187; nach Schultz von Thun, &#171;Denkh\u00fcte&#187; nach DeBono, oder Coaching mit meinem ganzen vielf\u00e4ltigen Hintergrund. Wenn ich den namen jetzt google, kommen ganz andere bedeutungen, die nichts damit zu tun haben.<\/p>\n","protected":false},"excerpt":{"rendered":"<p>Das ist eine &#171;Umleitung&#187; der Domain &#171;seinundwandeln.ch&#187;, die ich gek\u00fcndigt habe. Die aktuelle Seite f\u00fcr Trommeln, Trommelkreis in M\u00fcnsingen und [&hellip;]<\/p>\n","protected":false},"author":1,"featured_media":0,"parent":0,"menu_order":0,"comment_status":"closed","ping_status":"closed","template":"","meta":{"_uag_custom_page_level_css":"","site-sidebar-layout":"default","site-content-layout":"","ast-site-content-layout":"","site-content-style":"default","site-sidebar-style":"default","ast-global-header-display":"","ast-banner-title-visibility":"","ast-main-header-display":"","ast-hfb-above-header-display":"","ast-hfb-below-header-display":"","ast-hfb-mobile-header-display":"","site-post-title":"","ast-breadcrumbs-content":"","ast-featured-img":"","footer-sml-layout":"","theme-transparent-header-meta":"","adv-header-id-meta":"","stick-header-meta":"","header-above-stick-meta":"","header-main-stick-meta":"","header-below-stick-meta":"","astra-migrate-meta-layouts":"default","ast-page-background-enabled":"default","ast-page-background-meta":{"desktop":{"background-color":"var(--ast-global-color-5)","background-image":"","background-repeat":"repeat","background-position":"center center","background-size":"auto","background-attachment":"scroll","background-type":"","background-media":"","overlay-type":"","overlay-color":"","overlay-opacity":"","overlay-gradient":""},"tablet":{"background-color":"","background-image":"","background-repeat":"repeat","background-position":"center center","background-size":"auto","background-attachment":"scroll","background-type":"","background-media":"","overlay-type":"","overlay-color":"","overlay-opacity":"","overlay-gradient":""},"mobile":{"background-color":"","background-image":"","background-repeat":"repeat","background-position":"center center","background-size":"auto","background-attachment":"scroll","background-type":"","background-media":"","overlay-type":"","overlay-color":"","overlay-opacity":"","overlay-gradient":""}},"ast-content-background-meta":{"desktop":{"background-color":"var(--ast-global-color-4)","background-image":"","background-repeat":"repeat","background-position":"center center","background-size":"auto","background-attachment":"scroll","background-type":"","background-media":"","overlay-type":"","overlay-color":"","overlay-opacity":"","overlay-gradient":""},"tablet":{"background-color":"var(--ast-global-color-4)","background-image":"","background-repeat":"repeat","background-position":"center center","background-size":"auto","background-attachment":"scroll","background-type":"","background-media":"","overlay-type":"","overlay-color":"","overlay-opacity":"","overlay-gradient":""},"mobile":{"background-color":"var(--ast-global-color-4)","background-image":"","background-repeat":"repeat","background-position":"center center","background-size":"auto","background-attachment":"scroll","background-type":"","background-media":"","overlay-type":"","overlay-color":"","overlay-opacity":"","overlay-gradient":""}},"footnotes":""},"class_list":["post-7","page","type-page","status-publish","hentry"],"uagb_featured_image_src":{"full":false,"thumbnail":false,"medium":false,"medium_large":false,"large":false,"1536x1536":false,"2048x2048":false},"uagb_author_info":{"display_name":"admin","author_link":"https:\/\/seinundwandeln.barbaragruenenfelder.ch\/?author=1"},"uagb_comment_info":0,"uagb_excerpt":"Das ist eine &#171;Umleitung&#187; der Domain &#171;seinundwandeln.ch&#187;, die ich gek\u00fcndigt habe. Die aktuelle Seite f\u00fcr Trommeln, Trommelkreis in M\u00fcnsingen und [&hellip;]","_links":{"self":[{"href":"https:\/\/seinundwandeln.barbaragruenenfelder.ch\/index.php?rest_route=\/wp\/v2\/pages\/7","targetHints":{"allow":["GET"]}}],"collection":[{"href":"https:\/\/seinundwandeln.barbaragruenenfelder.ch\/index.php?rest_route=\/wp\/v2\/pages"}],"about":[{"href":"https:\/\/seinundwandeln.barbaragruenenfelder.ch\/index.php?rest_route=\/wp\/v2\/types\/page"}],"author":[{"embeddable":true,"href":"https:\/\/seinundwandeln.barbaragruenenfelder.ch\/index.php?rest_route=\/wp\/v2\/users\/1"}],"replies":[{"embeddable":true,"href":"https:\/\/seinundwandeln.barbaragruenenfelder.ch\/index.php?rest_route=%2Fwp%2Fv2%2Fcomments&post=7"}],"version-history":[{"count":1,"href":"https:\/\/seinundwandeln.barbaragruenenfelder.ch\/index.php?rest_route=\/wp\/v2\/pages\/7\/revisions"}],"predecessor-version":[{"id":9,"href":"https:\/\/seinundwandeln.barbaragruenenfelder.ch\/index.php?rest_route=\/wp\/v2\/pages\/7\/revisions\/9"}],"wp:attachment":[{"href":"https:\/\/seinundwandeln.barbaragruenenfelder.ch\/index.php?rest_route=%2Fwp%2Fv2%2Fmedia&parent=7"}],"curies":[{"name":"wp","href":"https:\/\/api.w.org\/{rel}","templated":true}]}}